{"id":41,"date":"2026-04-26T06:40:33","date_gmt":"2026-04-26T06:40:33","guid":{"rendered":"https:\/\/s5262.hemsida.eu\/AI\/about\/"},"modified":"2026-04-29T15:55:15","modified_gmt":"2026-04-29T15:55:15","slug":"about","status":"publish","type":"page","link":"https:\/\/wiliusai.com\/?page_id=41","title":{"rendered":"Om oss"},"content":{"rendered":"\n\n\n<h6>Kundrecensioner<\/h6>\n<h2>Vad kunderna s\u00e4ger<\/h2>\n\n\n\n<em>&#8221;WiliusAI hj\u00e4lpte oss f\u00e5 fler kundf\u00f6rfr\u00e5gningar automatiskt. Sparar oss massor av tid.&#8221;<\/em>\n\n<em>&#8221;Vi \u00e4r n\u00f6jda med chattroboten som ger informativa och bra svar om v\u00e5ra tj\u00e4nster och verksamhet.&#8221;&nbsp;<\/em>\n\n<em>&#8221;Imponerande chatrobot som bokar m\u00f6ten till oss utan att vi beh\u00f6ver g\u00f6ra n\u00e5gonting. Mycket bra!&#8221;&nbsp;<\/em>\n\n<em>&#8221;Riktigt bra chattrobot&#8221;&nbsp;&nbsp;<\/em>\n\n\n\n\n\n","protected":false},"excerpt":{"rendered":"","protected":false},"author":1,"featured_media":0,"parent":0,"menu_order":0,"comment_status":"closed","ping_status":"closed","template":"","meta":{"pagelayer_contact_templates":[],"_pagelayer_content":"","footnotes":""},"class_list":["post-41","page","type-page","status-publish","hentry"],"_links":{"self":[{"href":"https:\/\/wiliusai.com\/index.php?rest_route=\/wp\/v2\/pages\/41","targetHints":{"allow":["GET"]}}],"collection":[{"href":"https:\/\/wiliusai.com\/index.php?rest_route=\/wp\/v2\/pages"}],"about":[{"href":"https:\/\/wiliusai.com\/index.php?rest_route=\/wp\/v2\/types\/page"}],"author":[{"embeddable":true,"href":"https:\/\/wiliusai.com\/index.php?rest_route=\/wp\/v2\/users\/1"}],"replies":[{"embeddable":true,"href":"https:\/\/wiliusai.com\/index.php?rest_route=%2Fwp%2Fv2%2Fcomments&post=41"}],"version-history":[{"count":6,"href":"https:\/\/wiliusai.com\/index.php?rest_route=\/wp\/v2\/pages\/41\/revisions"}],"predecessor-version":[{"id":94,"href":"https:\/\/wiliusai.com\/index.php?rest_route=\/wp\/v2\/pages\/41\/revisions\/94"}],"wp:attachment":[{"href":"https:\/\/wiliusai.com\/index.php?rest_route=%2Fwp%2Fv2%2Fmedia&parent=41"}],"curies":[{"name":"wp","href":"https:\/\/api.w.org\/{rel}","templated":true}]}}